{"id":675,"date":"2021-05-27T19:11:30","date_gmt":"2021-05-27T19:11:30","guid":{"rendered":"https:\/\/www.calroget.cat\/activitats-i-entorn\/"},"modified":"2021-06-29T16:44:15","modified_gmt":"2021-06-29T16:44:15","slug":"actividades-y-entorno","status":"publish","type":"page","link":"https:\/\/www.calroget.cat\/es\/actividades-y-entorno\/","title":{"rendered":"Actividades y entorno"},"content":{"rendered":"<p>[et_pb_section fb_built=\u00bb1&#8243; _builder_version=\u00bb4.9.4&#8243; _module_preset=\u00bbdefault\u00bb background_image=\u00bbhttps:\/\/www.calroget.cat\/wp-content\/uploads\/2021\/05\/IMG_3949.jpg\u00bb min_height=\u00bb464px\u00bb][\/et_pb_section][et_pb_section fb_built=\u00bb1&#8243; _builder_version=\u00bb4.9.4&#8243; _module_preset=\u00bbdefault\u00bb][et_pb_row _builder_version=\u00bb4.9.4&#8243; _module_preset=\u00bbdefault\u00bb][et_pb_column type=\u00bb4_4&#8243; _builder_version=\u00bb4.9.4&#8243; _module_preset=\u00bbdefault\u00bb][dsm_text_divider header=\u00bbActivitades y entorno\u00bb divider_weight=\u00bb3px\u00bb _builder_version=\u00bb4.9.4&#8243; _module_preset=\u00bbdefault\u00bb header_font=\u00bb|600|||||||\u00bb header_text_color=\u00bb#000000&#8243; header_font_size=\u00bb25px\u00bb hover_enabled=\u00bb0&#8243; header_font_size_tablet=\u00bb\u00bb header_font_size_phone=\u00bb20px\u00bb header_font_size_last_edited=\u00bbon|desktop\u00bb sticky_enabled=\u00bb0&#8243;][\/dsm_text_divider][\/et_pb_column][\/et_pb_row][et_pb_row _builder_version=\u00bb4.9.4&#8243; _module_preset=\u00bbdefault\u00bb][et_pb_column type=\u00bb4_4&#8243; _builder_version=\u00bb4.9.4&#8243; _module_preset=\u00bbdefault\u00bb][et_pb_text _builder_version=\u00bb4.9.4&#8243; _module_preset=\u00bbdefault\u00bb text_text_color=\u00bb#000000&#8243; text_font_size=\u00bb20px\u00bb hover_enabled=\u00bb0&#8243; sticky_enabled=\u00bb0&#8243;]<\/p>\n<p>La comarca del Bergued\u00e0 \u00e9s ideal para hacer senderismo, visitas culturales, conocer nuestro patrimonio industrial de las col\u00f3nies, asi como descubrir la importancia del rio Llobregat, a tocar del pueblo de Gironella.<\/p>\n<p>Gironella es un municipio del sud de la comarca del Bergued\u00e0 que crece a los dos lados del <strong>rio Llobregat<\/strong>.<\/p>\n<p>El municipio de Gironella acoje <strong>cuatro col\u00f3nies industriales<\/strong>, de norte a sud y dentro la poblaci\u00f3n: <strong>Cal Bassacs, Viladomiu Vell, Viladomiu Nou i Cal Metre<\/strong>. Cadauna de estas col\u00f3nies tiene los elementos\u00a0 caracter\u00edsticos que las definen: f\u00e1brica, viviendas, igl\u00e9sia, torre del amo, etc. formando as\u00ed , <strong>un conjunto y legado arquitect\u00f3nico importante<\/strong>, no solo para el pueblo, sin\u00f3 tambi\u00e9n para la comarca y el pasado industrial de Catalunya.<\/p>\n<p>Cal Roget est\u00e1 situada muy cerca de la Ciutat de Berga, por la qual cosa es perfect si se quiere disfrutar de la su gran fiesta declarada Patrimonio Oral i Inmaterial de la Humanitad, que se celebra en Corpus: <strong>LA PATUM<\/strong><\/p>\n<p>[\/et_pb_text][\/et_pb_column][\/et_pb_row][et_pb_row _builder_version=\u00bb4.9.4&#8243; _module_preset=\u00bbdefault\u00bb][et_pb_column type=\u00bb4_4&#8243; _builder_version=\u00bb4.9.4&#8243; _module_preset=\u00bbdefault\u00bb][dnxt_next_text_highlight highlight_text=\u00bbRutas cercanas a Cal Roget:\u00bb stroke_color=\u00bb#c93c00&#8243; _builder_version=\u00bb4.9.4&#8243; _module_preset=\u00bbdefault\u00bb animation_fonts_font=\u00bb|600|||||||\u00bb animation_fonts_text_color=\u00bb#000000&#8243; animation_fonts_font_size=\u00bb23px\u00bb hover_enabled=\u00bb0&#8243; animation_fonts_font_size_tablet=\u00bb\u00bb animation_fonts_font_size_phone=\u00bb19px\u00bb animation_fonts_font_size_last_edited=\u00bbon|phone\u00bb sticky_enabled=\u00bb0&#8243;][\/dnxt_next_text_highlight][\/et_pb_column][\/et_pb_row][et_pb_row _builder_version=\u00bb4.9.4&#8243; _module_preset=\u00bbdefault\u00bb][et_pb_column type=\u00bb4_4&#8243; _builder_version=\u00bb4.9.4&#8243; _module_preset=\u00bbdefault\u00bb][et_pb_text _builder_version=\u00bb4.9.4&#8243; _module_preset=\u00bbdefault\u00bb text_text_color=\u00bb#000000&#8243; text_font_size=\u00bb20px\u00bb hover_enabled=\u00bb0&#8243; sticky_enabled=\u00bb0&#8243;]<\/p>\n<p>Ruta de las fuentes de Gironella<\/p>\n<p>Ruta por el Casco Ant\u00edguo del pueblo ( se realiza a pie y es autoguiada)<\/p>\n<p>[\/et_pb_text][\/et_pb_column][\/et_pb_row][et_pb_row _builder_version=\u00bb4.9.4&#8243; _module_preset=\u00bbdefault\u00bb][et_pb_column type=\u00bb4_4&#8243; _builder_version=\u00bb4.9.4&#8243; _module_preset=\u00bbdefault\u00bb][dnxt_next_text_highlight highlight_text=\u00bbQue visitar cerca de casa:\u00bb stroke_color=\u00bb#c93c00&#8243; _builder_version=\u00bb4.9.4&#8243; _module_preset=\u00bbdefault\u00bb animation_fonts_font=\u00bb|600|||||||\u00bb animation_fonts_text_color=\u00bb#000000&#8243; animation_fonts_font_size=\u00bb23px\u00bb hover_enabled=\u00bb0&#8243; animation_fonts_font_size_tablet=\u00bb\u00bb animation_fonts_font_size_phone=\u00bb19px\u00bb animation_fonts_font_size_last_edited=\u00bbon|phone\u00bb sticky_enabled=\u00bb0&#8243;][\/dnxt_next_text_highlight][\/et_pb_column][\/et_pb_row][et_pb_row _builder_version=\u00bb4.9.4&#8243; _module_preset=\u00bbdefault\u00bb][et_pb_column type=\u00bb4_4&#8243; _builder_version=\u00bb4.9.4&#8243; _module_preset=\u00bbdefault\u00bb][et_pb_text _builder_version=\u00bb4.9.4&#8243; _module_preset=\u00bbdefault\u00bb text_text_color=\u00bb#000000&#8243; text_font_size=\u00bb20px\u00bb hover_enabled=\u00bb0&#8243; sticky_enabled=\u00bb0&#8243;]<\/p>\n<p>Ciutad de Berga<\/p>\n<p>Monasterio de la Mare de D\u00e9u de Queralt<\/p>\n<p>Puente rom\u00e1nico de Pedret<\/p>\n<p>Pantano de la Baells<\/p>\n<p>Ruta de las colonias Industriales<\/p>\n<p>[\/et_pb_text][\/et_pb_column][\/et_pb_row][\/et_pb_section]<\/p>\n","protected":false},"excerpt":{"rendered":"<p><div class=\"et_pb_module dsm_text_divider dsm_text_divider_0\">\n\t\t\t\t\n\t\t\t\t\n\t\t\t\t\n\t\t\t\t\n\t\t\t\t\n\t\t\t\t\n\t\t\t\t<div class=\"et_pb_module_inner\">\n\t\t\t\t\t<div class=\"dsm-text-divider-wrapper dsm-text-divider-align-center et_pb_bg_layout_light\">\n\t\t\t\t\n\t\t\t\t\n\t\t\t\t<div class=\"dsm-text-divider-before dsm-divider\"><\/div>\n\t\t\t\t<h3 class=\"dsm-text-divider-header et_pb_module_header\">Activitades y entorno<\/h3>\n\t\t\t\t<div class=\"dsm-text-divider-after dsm-divider\"><\/div>\n\t\t\t<\/div>\n\t\t\t\t<\/div>\n\t\t\t<\/div>La comarca del Bergued\u00e0 \u00e9s ideal para hacer senderismo, visitas culturales, conocer nuestro patrimonio industrial de las col\u00f3nies, asi como descubrir la importancia del rio Llobregat, a tocar del pueblo de Gironella. Gironella es un municipio del sud de la comarca [&hellip;]<\/p>\n","protected":false},"author":1,"featured_media":0,"parent":0,"menu_order":0,"comment_status":"closed","ping_status":"closed","template":"","meta":{"_et_pb_use_builder":"on","_et_pb_old_content":"","_et_gb_content_width":"","_joinchat":[],"footnotes":""},"class_list":["post-675","page","type-page","status-publish","hentry"],"_links":{"self":[{"href":"https:\/\/www.calroget.cat\/es\/wp-json\/wp\/v2\/pages\/675","targetHints":{"allow":["GET"]}}],"collection":[{"href":"https:\/\/www.calroget.cat\/es\/wp-json\/wp\/v2\/pages"}],"about":[{"href":"https:\/\/www.calroget.cat\/es\/wp-json\/wp\/v2\/types\/page"}],"author":[{"embeddable":true,"href":"https:\/\/www.calroget.cat\/es\/wp-json\/wp\/v2\/users\/1"}],"replies":[{"embeddable":true,"href":"https:\/\/www.calroget.cat\/es\/wp-json\/wp\/v2\/comments?post=675"}],"version-history":[{"count":4,"href":"https:\/\/www.calroget.cat\/es\/wp-json\/wp\/v2\/pages\/675\/revisions"}],"predecessor-version":[{"id":682,"href":"https:\/\/www.calroget.cat\/es\/wp-json\/wp\/v2\/pages\/675\/revisions\/682"}],"wp:attachment":[{"href":"https:\/\/www.calroget.cat\/es\/wp-json\/wp\/v2\/media?parent=675"}],"curies":[{"name":"wp","href":"https:\/\/api.w.org\/{rel}","templated":true}]}}